{"id":74,"date":"2015-08-23T13:44:36","date_gmt":"2015-08-23T13:44:36","guid":{"rendered":"http:\/\/nightangel.dk\/wordpress-4.3\/wordpress\/?page_id=74"},"modified":"2015-08-23T13:44:36","modified_gmt":"2015-08-23T13:44:36","slug":"forside","status":"publish","type":"page","link":"https:\/\/nightangel.dk\/?page_id=74","title":{"rendered":"Velkommen"},"content":{"rendered":"<p>Jeg arbejder p\u00e5 at f\u00e5 opdateret siden,og har tilf\u00f8jet en underdel af hjemmesiden, som jeg kalder biologiske verden. Denne del vil handle prim\u00e6rt handle om biologi, natur og dyr. Indtil videre har jeg lavet en side med anmeldelser af b\u00f8ger og onlinekurser.<br \/>\nNightangels opdr\u00e6t er et hobbyopdr\u00e6t af hamstere i Kongens Lyngby ved K\u00f8benhavn. Du vil her p\u00e5 siden kunne l\u00e6se om pasning og pleje af hamstere, om avl af hamstere, og selvf\u00f8lgelig se mine hamstere og l\u00e6se om mine kuld.<\/p>\n<p>Alle dyrene i opdr\u00e6ttet er f\u00f8rst og fremmest mine k\u00e6ledyr, jeg g\u00f8r derfor meget op i at de er sunde og raske samt har et godt temperament. Jeg opdr\u00e6tter arterne\u00a0 vinterhvid dv\u00e6rghamster og roborovski dv\u00e6rghamster, 2 arter som er forskellige i b\u00e5de udseende og adf\u00e6rd, og alle arterne er dejlige p\u00e5 hver deres m\u00e5de.<\/p>\n<p>N\u00e5r jeg planl\u00e6gger en parring, g\u00e5r jeg meget op i at begge for\u00e6ldre er sunde og raske og generelt har det godt. N\u00e5r ungerne bliver f\u00f8dt, g\u00f8r jeg alt hvad jeg kan for at de f\u00e5r den bedst mulige opv\u00e6kst, og de bliver h\u00e5ndteret fra de er helt sm\u00e5, s\u00e5 de kan blive fantastiske k\u00e6ledyr.<\/p>\n","protected":false},"excerpt":{"rendered":"<p>Jeg arbejder p\u00e5 at f\u00e5 opdateret siden,og har tilf\u00f8jet en underdel af hjemmesiden, som jeg kalder biologiske verden. Denne del vil handle prim\u00e6rt handle om biologi, natur og dyr. Indtil videre har jeg lavet en side med anmeldelser af b\u00f8ger &hellip; <a href=\"https:\/\/nightangel.dk\/?page_id=74\">Continue reading <span class=\"meta-nav\">&rarr;<\/span><\/a><\/p>\n","protected":false},"author":1,"featured_media":0,"parent":0,"menu_order":0,"comment_status":"closed","ping_status":"closed","template":"","meta":{"footnotes":""},"class_list":["post-74","page","type-page","status-publish","hentry"],"_links":{"self":[{"href":"https:\/\/nightangel.dk\/index.php?rest_route=\/wp\/v2\/pages\/74","targetHints":{"allow":["GET"]}}],"collection":[{"href":"https:\/\/nightangel.dk\/index.php?rest_route=\/wp\/v2\/pages"}],"about":[{"href":"https:\/\/nightangel.dk\/index.php?rest_route=\/wp\/v2\/types\/page"}],"author":[{"embeddable":true,"href":"https:\/\/nightangel.dk\/index.php?rest_route=\/wp\/v2\/users\/1"}],"replies":[{"embeddable":true,"href":"https:\/\/nightangel.dk\/index.php?rest_route=%2Fwp%2Fv2%2Fcomments&post=74"}],"version-history":[{"count":0,"href":"https:\/\/nightangel.dk\/index.php?rest_route=\/wp\/v2\/pages\/74\/revisions"}],"wp:attachment":[{"href":"https:\/\/nightangel.dk\/index.php?rest_route=%2Fwp%2Fv2%2Fmedia&parent=74"}],"curies":[{"name":"wp","href":"https:\/\/api.w.org\/{rel}","templated":true}]}}