{"id":229,"date":"2015-08-23T14:24:44","date_gmt":"2015-08-23T14:24:44","guid":{"rendered":"http:\/\/nightangel.dk\/wordpress-4.3\/wordpress\/?page_id=229"},"modified":"2015-08-23T14:24:44","modified_gmt":"2015-08-23T14:24:44","slug":"guldhamster-farver","status":"publish","type":"page","link":"https:\/\/nightangel.dk\/?page_id=229","title":{"rendered":"Guldhamster farver"},"content":{"rendered":"<p>her kan man se de forskellige farver og genkoder.<br \/>\nFor yderligere info om de forskellige gener og farver se <a href=\"http:\/\/www.hamsterpaletten.dk\">Hamsterpaletten<\/a><\/p>\n<p>Der findes rigtigt mange guldhamster farver efterh\u00e5nde, og denne liste indeholder ikke alle, men indeholder en del af de mest almindelige.<\/p>\n<p>&nbsp;<\/p>\n<h2 style=\"text-align: center;\">Farver med 1 gen<\/h2>\n<hr \/>\n<p><img loading=\"lazy\" decoding=\"async\" class=\"alignright size-full wp-image-1649\" src=\"http:\/\/nightangel.dk\/wordpress-4.3\/wordpress\/wp-content\/uploads\/2015\/08\/gylden.jpg\" alt=\"gylden\" width=\"448\" height=\"336\" \/><\/p>\n<p>&nbsp;<\/p>\n<p style=\"text-align: center;\">Gylden<\/p>\n<p style=\"text-align: center;\">A_<\/p>\n<hr \/>\n<p><img loading=\"lazy\" decoding=\"async\" class=\"alignright wp-image-1646 size-full\" src=\"http:\/\/nightangel.dk\/wordpress-4.3\/wordpress\/wp-content\/uploads\/2015\/08\/gsort.jpg\" alt=\"gsort\" width=\"448\" height=\"298\" \/><\/p>\n<p>&nbsp;<\/p>\n<p>&nbsp;<\/p>\n<p style=\"text-align: center;\">Sort<\/p>\n<p style=\"text-align: center;\">aa<\/p>\n<hr \/>\n<p><img loading=\"lazy\" decoding=\"async\" class=\"alignright size-full wp-image-1652\" src=\"http:\/\/nightangel.dk\/wordpress-4.3\/wordpress\/wp-content\/uploads\/2015\/08\/rust.jpg\" alt=\"rust\" width=\"448\" height=\"336\" \/><\/p>\n<p>&nbsp;<\/p>\n<p style=\"text-align: center;\">Rust<\/p>\n<p style=\"text-align: center;\">bb<\/p>\n<hr \/>\n<p>M\u00f8rk\u00f8ret hvid<\/p>\n<p>cdcd<\/p>\n<hr \/>\n<p>Ekstreme dilute<\/p>\n<p>cece<\/p>\n<hr \/>\n<p>Diluted<\/p>\n<p>dd<\/p>\n<hr \/>\n<p>Dark grey<\/p>\n<p>dgdg<\/p>\n<hr \/>\n<p>Creme<\/p>\n<p>ee<\/p>\n<hr \/>\n<p>Lethal Gr\u00e5<\/p>\n<p>Lglg<\/p>\n<hr \/>\n<p>Cinnamon<\/p>\n<p>pp<\/p>\n<hr \/>\n<p>&nbsp;<\/p>\n<p style=\"text-align: center;\"><img loading=\"lazy\" decoding=\"async\" class=\"alignright size-full wp-image-1653\" src=\"http:\/\/nightangel.dk\/wordpress-4.3\/wordpress\/wp-content\/uploads\/2015\/08\/solvgra.jpg\" alt=\"solvgra\" width=\"448\" height=\"336\" \/><\/p>\n<p style=\"text-align: center;\">S\u00f8lvgr\u00e5<\/p>\n<p style=\"text-align: center;\">Sgsg<\/p>\n<hr \/>\n<p><img loading=\"lazy\" decoding=\"async\" class=\"alignright wp-image-1644 size-full\" src=\"http:\/\/nightangel.dk\/wordpress-4.3\/wordpress\/wp-content\/uploads\/2015\/08\/gsolvgradf.jpg\" alt=\"gsolvgradf\" width=\"448\" height=\"298\" \/><\/p>\n<p>&nbsp;<\/p>\n<p style=\"text-align: center;\">S\u00f8lvgr\u00e5<\/p>\n<p style=\"text-align: center;\">SgSg<\/p>\n<hr \/>\n<p><img loading=\"lazy\" decoding=\"async\" class=\"alignright size-full wp-image-1638\" src=\"http:\/\/nightangel.dk\/wordpress-4.3\/wordpress\/wp-content\/uploads\/2015\/08\/ggul.jpg\" alt=\"ggul\" width=\"448\" height=\"298\" \/><\/p>\n<p>&nbsp;<\/p>\n<p style=\"text-align: center;\">Gul<\/p>\n<p style=\"text-align: center;\">ToTo\/ToY<\/p>\n<hr \/>\n<hr \/>\n<h2 style=\"text-align: center;\">Farver med 2 gener<\/h2>\n<hr \/>\n<p><img loading=\"lazy\" decoding=\"async\" class=\"alignright wp-image-1637 size-full\" src=\"http:\/\/nightangel.dk\/wordpress-4.3\/wordpress\/wp-content\/uploads\/2015\/08\/gchoko.jpg\" alt=\"gchoko\" width=\"448\" height=\"298\" \/><\/p>\n<p>&nbsp;<\/p>\n<p style=\"text-align: center;\">Chokolade<\/p>\n<p style=\"text-align: center;\">aa bb<\/p>\n<hr \/>\n<p><img loading=\"lazy\" decoding=\"async\" class=\"alignright size-full wp-image-1636\" src=\"http:\/\/nightangel.dk\/wordpress-4.3\/wordpress\/wp-content\/uploads\/2015\/08\/gbla.jpg\" alt=\"gbla\" width=\"448\" height=\"298\" \/><\/p>\n<p>&nbsp;<\/p>\n<p style=\"text-align: center;\">Bl\u00e5<\/p>\n<p style=\"text-align: center;\">aa dd<\/p>\n<hr \/>\n<p><img loading=\"lazy\" decoding=\"async\" class=\"alignright size-full wp-image-1635\" src=\"http:\/\/nightangel.dk\/wordpress-4.3\/wordpress\/wp-content\/uploads\/2015\/08\/dove1.jpg\" alt=\"dove\" width=\"448\" height=\"336\" \/><\/p>\n<p>&nbsp;<\/p>\n<p style=\"text-align: center;\">Dove<\/p>\n<p style=\"text-align: center;\">aa pp<\/p>\n<hr \/>\n<p>Sort s\u00f8lv<\/p>\n<p>aa Sgsg<\/p>\n<hr \/>\n<p>s\u00f8lvsort<\/p>\n<p>aa SgSg<\/p>\n<hr \/>\n<p><img loading=\"lazy\" decoding=\"async\" class=\"alignright wp-image-1647 size-full\" src=\"http:\/\/nightangel.dk\/wordpress-4.3\/wordpress\/wp-content\/uploads\/2015\/08\/gsortgul.jpg\" alt=\"gsortgul\" width=\"448\" height=\"298\" \/><\/p>\n<p>&nbsp;<\/p>\n<p>&nbsp;<\/p>\n<p style=\"text-align: center;\">Sortgul<\/p>\n<p style=\"text-align: center;\">aa ToTo\/ToY<\/p>\n<hr \/>\n<p>Beige<\/p>\n<p>bb dgdg<\/p>\n<hr \/>\n<p>Brun\u00f8ret creme<\/p>\n<p>bb ee<\/p>\n<hr \/>\n<p>Brun\u00f8ret Cinnamon<\/p>\n<p>bb pp<\/p>\n<hr \/>\n<p>Brun\u00f8ret s\u00f8lvgr\u00e5<\/p>\n<p>bb Sgsg<\/p>\n<hr \/>\n<p>Brun\u00f8ret gul<\/p>\n<p>bb ToTo\/ToY<\/p>\n<hr \/>\n<p>Lilac<\/p>\n<p>dgdg pp<\/p>\n<hr \/>\n<p>R\u00f8d\u00f8jet Creme<\/p>\n<p>ee pp<\/p>\n<p>&nbsp;<\/p>\n<hr \/>\n<p><img loading=\"lazy\" decoding=\"async\" class=\"alignright size-full wp-image-1656\" src=\"http:\/\/nightangel.dk\/wordpress-4.3\/wordpress\/wp-content\/uploads\/2015\/08\/zobel.jpg\" alt=\"zobel\" width=\"448\" height=\"336\" \/><\/p>\n<p>&nbsp;<\/p>\n<p style=\"text-align: center;\">Zobel<\/p>\n<p style=\"text-align: center;\">ee U_<\/p>\n<hr \/>\n<p>Offwhite<\/p>\n<p>ee Sg_<\/p>\n<hr \/>\n<p><img loading=\"lazy\" decoding=\"async\" class=\"alignright wp-image-1651 size-full\" src=\"http:\/\/nightangel.dk\/wordpress-4.3\/wordpress\/wp-content\/uploads\/2015\/08\/rosolvgra.jpg\" alt=\"rosolvgra\" width=\"448\" height=\"336\" \/><\/p>\n<p>&nbsp;<\/p>\n<p>&nbsp;<\/p>\n<p style=\"text-align: center;\">R\u00f8d\u00f8jet s\u00f8lvgr\u00e5<\/p>\n<p style=\"text-align: center;\">pp Sg_<\/p>\n<hr \/>\n<p>R\u00f8d\u00f8jet gul<\/p>\n<p>pp ToTo\/ToY<\/p>\n<hr \/>\n<p><img loading=\"lazy\" decoding=\"async\" class=\"alignright size-full wp-image-1645\" src=\"http:\/\/nightangel.dk\/wordpress-4.3\/wordpress\/wp-content\/uploads\/2015\/08\/gsolvgul.jpg\" alt=\"gsolvgul\" width=\"448\" height=\"298\" \/><\/p>\n<p>&nbsp;<\/p>\n<p style=\"text-align: center;\">S\u00f8lvgul<\/p>\n<p style=\"text-align: center;\">Sg_ ToTo\/ToY<\/p>\n<hr \/>\n<hr \/>\n<h2 style=\"text-align: center;\">farver med 3 gener<\/h2>\n<hr \/>\n<p>Lavender<\/p>\n<p>aa bb dd<\/p>\n<hr \/>\n<p><img loading=\"lazy\" decoding=\"async\" class=\"alignright size-full wp-image-1632\" src=\"http:\/\/nightangel.dk\/wordpress-4.3\/wordpress\/wp-content\/uploads\/2015\/08\/bodove.jpg\" alt=\"bodove\" width=\"448\" height=\"336\" \/><\/p>\n<p>&nbsp;<\/p>\n<p style=\"text-align: center;\">Brun\u00f8ret Dove<\/p>\n<p style=\"text-align: center;\">aa bb pp<\/p>\n<hr \/>\n<p>Lys bl\u00e5<\/p>\n<p>aa dd pp<\/p>\n<hr \/>\n<p>Bl\u00e5gul<\/p>\n<p>aa dd ToTo\/ToY<\/p>\n<hr \/>\n<p style=\"text-align: center;\"><img loading=\"lazy\" decoding=\"async\" class=\"alignright size-full wp-image-1648\" src=\"http:\/\/nightangel.dk\/wordpress-4.3\/wordpress\/wp-content\/uploads\/2015\/08\/gsortsolvgul.jpg\" alt=\"gsortsolvgul\" width=\"448\" height=\"298\" \/><\/p>\n<p style=\"text-align: center;\">Sort s\u00f8lvgul<\/p>\n<p style=\"text-align: center;\">aa Sg_ ToTo\/ToY<\/p>\n<hr \/>\n<p><img loading=\"lazy\" decoding=\"async\" class=\"alignright size-full wp-image-1633\" src=\"http:\/\/nightangel.dk\/wordpress-4.3\/wordpress\/wp-content\/uploads\/2015\/08\/bosolvgul.jpg\" alt=\"bosolvgul\" width=\"448\" height=\"336\" \/><\/p>\n<p>&nbsp;<\/p>\n<p style=\"text-align: center;\">Brun\u00f8ret s\u00f8lvgul<\/p>\n<p style=\"text-align: center;\">bb Sg_ ToTo\/ToY<\/p>\n<hr \/>\n<p>Bl\u00e5 zobel<\/p>\n<p>dd ee U_<\/p>\n<hr \/>\n<p>Mink<\/p>\n<p>ee pp U_<\/p>\n<hr \/>\n<p>s\u00f8lvzobel<\/p>\n<p>ee Sg_ U_<\/p>\n<hr \/>\n<hr \/>\n<h2 style=\"text-align: center;\">Farver med 4 gener<\/h2>\n<hr \/>\n<p>Redeyed lavender<\/p>\n<p>aa bb dd pp<\/p>\n<hr \/>\n<p>Kobber<\/p>\n<p>bb ee Sg_ U_<\/p>\n<hr \/>\n<p>S\u00f8lvmink<\/p>\n<p>ee pp Sg_ U_<\/p>\n<hr \/>\n<hr \/>\n<h2 style=\"text-align: center;\">Aftegn<\/h2>\n<hr \/>\n<p><img loading=\"lazy\" decoding=\"async\" class=\"alignright wp-image-1639 size-full\" src=\"http:\/\/nightangel.dk\/wordpress-4.3\/wordpress\/wp-content\/uploads\/2015\/08\/ggulumb.jpg\" alt=\"ggulumb\" width=\"448\" height=\"298\" \/><\/p>\n<p>&nbsp;<\/p>\n<p>&nbsp;<\/p>\n<p style=\"text-align: center;\">Umbrous<\/p>\n<p style=\"text-align: center;\">U_<\/p>\n<hr \/>\n<p><img loading=\"lazy\" decoding=\"async\" class=\"alignright size-full wp-image-1640\" src=\"http:\/\/nightangel.dk\/wordpress-4.3\/wordpress\/wp-content\/uploads\/2015\/08\/ghvidb\u00e5ndet.jpg\" alt=\"ghvidb\u00e5ndet\" width=\"448\" height=\"298\" \/><\/p>\n<p style=\"text-align: center;\">Hvidb\u00e5ndet<\/p>\n<p style=\"text-align: center;\">Ba_<\/p>\n<hr \/>\n<p>Dominant spot<\/p>\n<p>Dsds<\/p>\n<p>lethal som DsDs<\/p>\n<hr \/>\n<p>Recessive dappled<\/p>\n<p>rcrc<\/p>\n<hr \/>\n<p><img loading=\"lazy\" decoding=\"async\" class=\"alignright size-full wp-image-1654\" src=\"http:\/\/nightangel.dk\/wordpress-4.3\/wordpress\/wp-content\/uploads\/2015\/08\/sort-tortie.jpg\" alt=\"sort tortie\" width=\"448\" height=\"336\" \/><\/p>\n<p>&nbsp;<\/p>\n<p style=\"text-align: center;\">Tortie<\/p>\n<p style=\"text-align: center;\">Toto<\/p>\n<p style=\"text-align: center;\">kun hunner<\/p>\n<hr \/>\n<p>Skimmel<\/p>\n<p>Whwh<\/p>\n<p>lethal som WhWh<\/p>\n<hr \/>\n<p>Polywhite<\/p>\n<p>whpwhp<\/p>\n<hr \/>\n<hr \/>\n<h2 style=\"text-align: center;\">Pelstyper<\/h2>\n<hr \/>\n<p>h\u00e5rl\u00f8s<\/p>\n<p>hrhr<\/p>\n<hr \/>\n<p><img loading=\"lazy\" decoding=\"async\" class=\"alignright size-full wp-image-1641\" src=\"http:\/\/nightangel.dk\/wordpress-4.3\/wordpress\/wp-content\/uploads\/2015\/08\/gkorthar.jpg\" alt=\"gkorthar\" width=\"448\" height=\"298\" \/><\/p>\n<p style=\"text-align: center;\">Korth\u00e5ret<\/p>\n<p style=\"text-align: center;\">L_<\/p>\n<hr \/>\n<p><img loading=\"lazy\" decoding=\"async\" class=\"alignright wp-image-1642 size-full\" src=\"http:\/\/nightangel.dk\/wordpress-4.3\/wordpress\/wp-content\/uploads\/2015\/08\/glanghar.jpg\" alt=\"glanghar\" width=\"448\" height=\"298\" \/><\/p>\n<p>&nbsp;<\/p>\n<p style=\"text-align: center;\">Langh\u00e5ret<\/p>\n<p style=\"text-align: center;\">ll<\/p>\n<hr \/>\n<p><img loading=\"lazy\" decoding=\"async\" class=\"alignright size-full wp-image-1650\" src=\"http:\/\/nightangel.dk\/wordpress-4.3\/wordpress\/wp-content\/uploads\/2015\/08\/rex.jpg\" alt=\"rex\" width=\"448\" height=\"336\" \/><\/p>\n<p>&nbsp;<\/p>\n<p style=\"text-align: center;\">Rex<\/p>\n<p style=\"text-align: center;\">rxrx<\/p>\n<hr \/>\n<p><img loading=\"lazy\" decoding=\"async\" class=\"alignright size-full wp-image-1643\" src=\"http:\/\/nightangel.dk\/wordpress-4.3\/wordpress\/wp-content\/uploads\/2015\/08\/gsatin.jpg\" alt=\"gsatin\" width=\"448\" height=\"298\" \/><\/p>\n<p>&nbsp;<\/p>\n<p style=\"text-align: center;\">Satin<\/p>\n<p style=\"text-align: center;\">Sasa<\/p>\n<hr \/>\n<p>&nbsp;<\/p>\n<p>&nbsp;<\/p>\n","protected":false},"excerpt":{"rendered":"<p>her kan man se de forskellige farver og genkoder. For yderligere info om de forskellige gener og farver se Hamsterpaletten Der findes rigtigt mange guldhamster farver efterh\u00e5nde, og denne liste indeholder ikke alle, men indeholder en del af de mest &hellip; <a href=\"https:\/\/nightangel.dk\/?page_id=229\">Continue reading <span class=\"meta-nav\">&rarr;<\/span><\/a><\/p>\n","protected":false},"author":1,"featured_media":0,"parent":0,"menu_order":0,"comment_status":"closed","ping_status":"closed","template":"","meta":{"footnotes":""},"class_list":["post-229","page","type-page","status-publish","hentry"],"_links":{"self":[{"href":"https:\/\/nightangel.dk\/index.php?rest_route=\/wp\/v2\/pages\/229","targetHints":{"allow":["GET"]}}],"collection":[{"href":"https:\/\/nightangel.dk\/index.php?rest_route=\/wp\/v2\/pages"}],"about":[{"href":"https:\/\/nightangel.dk\/index.php?rest_route=\/wp\/v2\/types\/page"}],"author":[{"embeddable":true,"href":"https:\/\/nightangel.dk\/index.php?rest_route=\/wp\/v2\/users\/1"}],"replies":[{"embeddable":true,"href":"https:\/\/nightangel.dk\/index.php?rest_route=%2Fwp%2Fv2%2Fcomments&post=229"}],"version-history":[{"count":0,"href":"https:\/\/nightangel.dk\/index.php?rest_route=\/wp\/v2\/pages\/229\/revisions"}],"wp:attachment":[{"href":"https:\/\/nightangel.dk\/index.php?rest_route=%2Fwp%2Fv2%2Fmedia&parent=229"}],"curies":[{"name":"wp","href":"https:\/\/api.w.org\/{rel}","templated":true}]}}