{"id":1982,"date":"2018-11-21T15:57:54","date_gmt":"2018-11-21T14:57:54","guid":{"rendered":"http:\/\/nightangel.dk\/?page_id=1982"},"modified":"2018-11-21T15:57:54","modified_gmt":"2018-11-21T14:57:54","slug":"om-opdraettet","status":"publish","type":"page","link":"https:\/\/nightangel.dk\/?page_id=1982","title":{"rendered":"Om opdr\u00e6ttet"},"content":{"rendered":"<p>Mit navn er Heidi Charlotte H\u00f8jgaard, jeg er i skrivende stund en ung kvinde p\u00e5 31 \u00e5r. Mit opdr\u00e6t holder til i Kgs. Lyngby ved K\u00f8benhavn, oprindeligt er jeg fra Varde i Jylland. Jeg har v\u00e6ret opdr\u00e6tter i siden oktober 2008, og jeg fik mine f\u00f8rste guldhamstere i 2007, hvor jeg fik at vide de sagtens kunne g\u00e5 sammen, da de to blev uvenner skilte vi dem ad, for fik l\u00e6st at det kunne den art ikke. Da det var en han og en hun fik de unger, og der fangede hamsterne mig for alvor, for alle de forskellige farver i det kuld, var for mig og min interesse for biologi og genetik fantastisk. Det var da jeg unders\u00f8gte farverne, jeg f\u00f8rste gang st\u00f8dte p\u00e5 Dansk Hamster Forening. Jeg satte mig hurtigt ind i guldhamster genetik, da jeg havde en del biologisk baggrundsviden fra gymnasiet, og blev enig med mig selv om at jeg p\u00e5 et tidspunkt skulle v\u00e6re medlem af foreningen. Det blev jeg i 2008, hvor jeg hurtigt efter ans\u00f8gte om at blive registreret opdr\u00e6tter, dengang var kravene mindre end i dag. Jeg startede under opdr\u00e6tternavnet Gr\u00f8nneb\u00e6ks, af personlige \u00e5rsager tog jeg en pause fra opdr\u00e6ttet, inden jeg valgte at starte op igen med opdr\u00e6tternavnet Nightangels. Det tog dog noget tid f\u00f8r jeg rigtigt kom i gang igen. Men i for\u00e5ret 2012 bes\u00f8gte K\u00f8benhavn, og hentede i den forbindelse ind to campbells hos KWO\u2019s opdr\u00e6t. De blev startskuddet til at jeg kom i gang igen, og efterf\u00f8lgende kom flere hamstere til. Det var dog f\u00f8rste da jeg flyttede til Lyngby at det rigtigt tog fart.<\/p>\n","protected":false},"excerpt":{"rendered":"<p>Mit navn er Heidi Charlotte H\u00f8jgaard, jeg er i skrivende stund en ung kvinde p\u00e5 31 \u00e5r. Mit opdr\u00e6t holder til i Kgs. Lyngby ved K\u00f8benhavn, oprindeligt er jeg fra Varde i Jylland. Jeg har v\u00e6ret opdr\u00e6tter i siden oktober &hellip; <a href=\"https:\/\/nightangel.dk\/?page_id=1982\">Continue reading <span class=\"meta-nav\">&rarr;<\/span><\/a><\/p>\n","protected":false},"author":1,"featured_media":0,"parent":0,"menu_order":0,"comment_status":"closed","ping_status":"closed","template":"","meta":{"footnotes":""},"class_list":["post-1982","page","type-page","status-publish","hentry"],"_links":{"self":[{"href":"https:\/\/nightangel.dk\/index.php?rest_route=\/wp\/v2\/pages\/1982","targetHints":{"allow":["GET"]}}],"collection":[{"href":"https:\/\/nightangel.dk\/index.php?rest_route=\/wp\/v2\/pages"}],"about":[{"href":"https:\/\/nightangel.dk\/index.php?rest_route=\/wp\/v2\/types\/page"}],"author":[{"embeddable":true,"href":"https:\/\/nightangel.dk\/index.php?rest_route=\/wp\/v2\/users\/1"}],"replies":[{"embeddable":true,"href":"https:\/\/nightangel.dk\/index.php?rest_route=%2Fwp%2Fv2%2Fcomments&post=1982"}],"version-history":[{"count":0,"href":"https:\/\/nightangel.dk\/index.php?rest_route=\/wp\/v2\/pages\/1982\/revisions"}],"wp:attachment":[{"href":"https:\/\/nightangel.dk\/index.php?rest_route=%2Fwp%2Fv2%2Fmedia&parent=1982"}],"curies":[{"name":"wp","href":"https:\/\/api.w.org\/{rel}","templated":true}]}}