{"id":197,"date":"2015-08-23T14:20:35","date_gmt":"2015-08-23T14:20:35","guid":{"rendered":"http:\/\/nightangel.dk\/wordpress-4.3\/wordpress\/?page_id=197"},"modified":"2015-08-23T14:20:35","modified_gmt":"2015-08-23T14:20:35","slug":"stroeelse","status":"publish","type":"page","link":"https:\/\/nightangel.dk\/?page_id=197","title":{"rendered":"Str\u00f8else"},"content":{"rendered":"<p>Der findes efterh\u00e5nden en hel del forskelligt str\u00f8else, og hvilket man bruger kommer mest an p\u00e5 hvad man personligt har af \u00f8nsker til str\u00f8elsen. Jeg vil her gennemg\u00e5 de typer str\u00f8else, som er mest brugt, og som kan findes i stort set alle dyrehandlere.<\/p>\n<p><strong>Hemp:<\/strong><\/p>\n<p>Ligesom sp\u00e5ner er hemp rimelig billigt, og det kan findes i de fleste dyrehandlere. Hemp indeholder stadig st\u00f8v, men ikke n\u00e6r s\u00e5 meget som sp\u00e5nerne kan indeholde, hvilket er en fordel for b\u00e5de ejer og hamster. Hvis man, som jeg, kan lide et naturligt udseende i buret, kan hemp v\u00e6re et godt valg.<\/p>\n<p>Str\u00f8elsen kan f\u00e5s b\u00e5de med og uden eukalyptus, personligt frar\u00e5der jeg hemp eukalyptus. N\u00e5r der er tilsat eukalyptus kan str\u00f8elsen have en kraftig duft af det, og da hamstere prim\u00e6rt brugere deres lugtesans og h\u00f8relse til at orientere sig, og hamstere f\u00f8ler sig trygge i et bur der dufter af dem selv, kan duften af eukalyptus v\u00e6re problematisk.<\/p>\n<p><strong>Carefresh og Boxo<\/strong><\/p>\n<p>Carefresh og Boxo er meget ens, og bliver derfor gennemg\u00e5et f\u00e6lles.<\/p>\n<p>Carefresh og boxo er dyrere end hemp, men har ogs\u00e5 en l\u00e6ngere holdbarhed, og man kan ofte g\u00e5 op til 2 m\u00e5neder mellem skift. Begge typer er baseret p\u00e5 papir pulp, og fremstilles uden blegemidler. Str\u00f8elsen er hurtigt blevet popul\u00e6r til sm\u00e5 gnavere, fordi det er st\u00f8vfrit, og fordi det kan holde l\u00e6ngere inden man beh\u00f8ver skifte buret.<\/p>\n<p>N\u00e5r man ser en pakke med boxo eller carefresh t\u00e6nker man ofte, at det ikke ser ud af s\u00e5 meget. Men, det da det er sammenpresset, udvider sig\u00a0 meget, n\u00e5r hamsteren begynder at rode rundt i det, og man skal derfor v\u00e6re lidt forsigtig med at fylde for meget i buret.<\/p>\n<p>Om man v\u00e6lger boxo eller carefresh er en smagssag, boxo er billigere og f\u00e5s kun i den naturlige brunlige farver, hvor den lidt dyrere carefresh kan f\u00e5s i adskillige farver.<\/p>\n","protected":false},"excerpt":{"rendered":"<p>Der findes efterh\u00e5nden en hel del forskelligt str\u00f8else, og hvilket man bruger kommer mest an p\u00e5 hvad man personligt har af \u00f8nsker til str\u00f8elsen. Jeg vil her gennemg\u00e5 de typer str\u00f8else, som er mest brugt, og som kan findes i &hellip; <a href=\"https:\/\/nightangel.dk\/?page_id=197\">Continue reading <span class=\"meta-nav\">&rarr;<\/span><\/a><\/p>\n","protected":false},"author":1,"featured_media":0,"parent":0,"menu_order":0,"comment_status":"closed","ping_status":"closed","template":"","meta":{"footnotes":""},"class_list":["post-197","page","type-page","status-publish","hentry"],"_links":{"self":[{"href":"https:\/\/nightangel.dk\/index.php?rest_route=\/wp\/v2\/pages\/197","targetHints":{"allow":["GET"]}}],"collection":[{"href":"https:\/\/nightangel.dk\/index.php?rest_route=\/wp\/v2\/pages"}],"about":[{"href":"https:\/\/nightangel.dk\/index.php?rest_route=\/wp\/v2\/types\/page"}],"author":[{"embeddable":true,"href":"https:\/\/nightangel.dk\/index.php?rest_route=\/wp\/v2\/users\/1"}],"replies":[{"embeddable":true,"href":"https:\/\/nightangel.dk\/index.php?rest_route=%2Fwp%2Fv2%2Fcomments&post=197"}],"version-history":[{"count":0,"href":"https:\/\/nightangel.dk\/index.php?rest_route=\/wp\/v2\/pages\/197\/revisions"}],"wp:attachment":[{"href":"https:\/\/nightangel.dk\/index.php?rest_route=%2Fwp%2Fv2%2Fmedia&parent=197"}],"curies":[{"name":"wp","href":"https:\/\/api.w.org\/{rel}","templated":true}]}}