{"id":1959,"date":"2018-06-29T19:59:54","date_gmt":"2018-06-29T17:59:54","guid":{"rendered":"http:\/\/nightangel.dk\/?page_id=1959"},"modified":"2018-06-29T19:59:54","modified_gmt":"2018-06-29T17:59:54","slug":"hamstere-i-varmen","status":"publish","type":"page","link":"https:\/\/nightangel.dk\/?page_id=1959","title":{"rendered":"Hamstere i varmen"},"content":{"rendered":"<p>De fleste bliver bekymrede for deres hamstere, n\u00e5r sommeren banker p\u00e5 med h\u00f8je temperaturer. Og der er en god grund til at v\u00e6re ekstra opm\u00e6rksom p\u00e5 sin hamster i varmen. Mange l\u00e6gger m\u00e6rke til at deres hamster er mere sl\u00f8v, eller hannernes testikler virker opsvulmede og r\u00f8de, det er helt normalt, og er to m\u00e5der, hvorp\u00e5 hamsterne kan regulerer deres kropstemperatur. Men da temperaturen i dagtimerne kan kommer v\u00e6sentligt h\u00f8jere op end hvad hamsterne vil opleve i naturen, hvor de spenderer dagtimerne langt under jorden. S\u00e5 har de nogle gange brug for vores hj\u00e6lp til at k\u00f8le ned.<br \/>\nJeg vil her starte med at komme med tre r\u00e5d til, hvordan du kan hj\u00e6lpe din hamster med at k\u00f8le ned, jeg vil derefter g\u00e5 lidt ind i biologien bag nogle af r\u00e5dene, for dem der er nysgerrige p\u00e5 den del.<\/p>\n<p>&nbsp;<\/p>\n<h2>Gode r\u00e5d til nedk\u00f8ling<\/h2>\n<h3>K\u00f8l luften ned<\/h3>\n<p>Jo st\u00f8rre forskellen er mellem hamsterens kropstemperatur og temperaturen af den omgivende luft, jo hurtigere kan hamsteren komme af med varmen. Dette skyldes at dette skyldes konduktion, hvilket jeg vil beskrive yderligere l\u00e6ngere nede.<br \/>\nI forhold til dette r\u00e5d er det vigtigt at huske, at luftbev\u00e6gelse ikke k\u00f8ler luften, grunden til vi f\u00f8ler det, er fordi vi kan svede, og fordi vi ikke har pels. Derfor kan luft i bev\u00e6gelse fjerne varmen fra vores hud, s\u00e5 vil f\u00f8ler det k\u00f8lende. At s\u00e6tte en bl\u00e6ser til virker derfor ikke i sig selv, men kan bidrage til at flytte k\u00f8ligere luft hen til buret, hvis du har noget k\u00f8ligere luft at flytte selvf\u00f8lgelig.<\/p>\n<h3>Giv dem afk\u00f8lede keramik genstande<\/h3>\n<p>Om det er en kaffekop, en underkop eller noget helt tredje har ingen betydning, man kan ogs\u00e5 sagtens bruge ting af glas. L\u00e6g det et par timer i k\u00f8leskabet, og s\u00e5 ind i hamsterens bur. Dette lader hamsteren k\u00f8le af, ved at afk\u00f8le ekstremiteterne (poter, snude og \u00f8rer), disse omr\u00e5der afgiver varmen lettere end resten af kroppen. l\u00e6g det ikke i fryseren, da det \u00f8ger risikoen for frostskader p\u00e5 poter, snude og \u00f8rer. \u00a0Nogle bruger at s\u00e6tte sandbadet i k\u00f8leskabet, hvilket ogs\u00e5 er en mulighed.<\/p>\n<h3>Giv k\u00f8ligt vand og gr\u00f8nt<\/h3>\n<p>V\u00e6ske er lige s\u00e5 vigtigt for hamsterne, som det er for os selv. Selvom de ikke kan svede, er en af deres mekanismer for afk\u00f8ling af fordampe v\u00e6ske fra mund og n\u00e6se, blandt andet gennem ud\u00e5ndinger. S\u00e5 de kan stadig miste en del v\u00e6ske. S\u00e5 det er vigtigt at holde \u00f8je med hamsteren indtager v\u00e6ske, og k\u00f8lig v\u00e6ske kan hj\u00e6lpe til nedk\u00f8ling, fordi varmen s\u00e5 bruges til at opvarme den indtagede v\u00e6ske til kropstemperatur. Vil ikke anbefale isterninger i vandflasken, eller vand der har v\u00e6ret i k\u00f8leskabet, fordi hamstere er meget sm\u00e5, og risikoen for en overafk\u00f8ling og at den pludselige meget kolde v\u00e6ske kan medf\u00f8re et chok for kroppen er der.<br \/>\n&nbsp;<\/p>\n<p>&nbsp;<\/p>\n<h2>Hvorfor bliver kroppen varm?<\/h2>\n<p>Hamstere er det man kalder varmblodede, dette betyder at deres kropstemperatur er konstant, og deres prim\u00e6re kilde til varme er metabolismen, dvs. nedbrydningen af foder. Der tilf\u00f8jes dog ogs\u00e5 varme fra omgivelserne, den vigtigste i forhold til hold af burdyr, er direkte sollys. Vi kender det fra os selv, det er meget varmere n\u00e5r vi er i direkte sol end n\u00e5r vi er i skyggen. S\u00e5 for at undg\u00e5 un\u00f8dig opvarmning, s\u00e5 s\u00f8rg altid for at buret ikke st\u00e5r i direkte sollys.<br \/>\nHvor meget varme kroppen producerer, kommer i h\u00f8j grad an p\u00e5 aktivitets niveau, jo mere man bev\u00e6ger sig, jo mere energi skal kroppen bruge, og jo h\u00f8jere er metabolismen, hvilket giver en \u00f8get varmeproduktion. Dette er grunden til at man ser hamstere der har det varmt, ikke rigtigt laver s\u00e6rlig meget, inaktivitet s\u00f8rger for at mindske varmeproduktionen, og derfor kan man opleve at ens hamster sover mere om sommeren.<br \/>\n&nbsp;<\/p>\n<h2>Hvordan afgiver hamstere varme<\/h2>\n<p>Varme kan afgivet p\u00e5 forskellige m\u00e5der, dem der er mest relevante for hamstere er konduktion og fordampning. Konduktion er overf\u00f8rsel af varme ved direkte kontakt mellem objekter, det er flytningen af varme mellem molekyler, hvilket flytter varme mod koldere omr\u00e5der, som udnyttes i r\u00e5det om nedk\u00f8ling af luften. Ved fordampning bruges varmen til at fordampe v\u00e6ske, og flytter dermed varmen v\u00e6k fra kroppen, det er det der sker n\u00e5r vi sveder, for hamstere, og mange andre pattedyr med pels, sker fordampningen prim\u00e6rt gennem fordampning fra mund og n\u00e6se.<br \/>\nHvor hurtigt varmen afgives kommer an p\u00e5 overfladeareal, temperatur gradient og hvor let varmen afgives. I forhold til overfladearealet, kommer det an p\u00e5 dyrets st\u00f8rrelse og kropsholdning. St\u00f8rre dyr har et mindre overfladeareal i forhold til kropsvolumen, og har dermed mindre mulighed for varmeafgivelse. Med kropsholdning kan et dyr justere, hvor meget varme der afgives. Et dyr der kr\u00f8ller sig sammen, giver et mindre overfladeareal der er i kontakt med omgivelserne, mens det \u00f8ges hvis dyret str\u00e6kker sig. Jo st\u00f8rre temperatur gradient der er mellem dyrets kropstemperatur og omgivelserne, jo hurtigere vil varme kunne afgives. Hvilket er et af problemerne ved de h\u00f8je sommertemperaturer, det mindsker afgivelsen af varme. Hvilket er hvorfor en m\u00e5de at afk\u00f8le hamstere er ved at s\u00e6nke luftens temperatur.<br \/>\nSom skrevet ovenfor kan hamstere ikke svede, men det er ikke den eneste problematik de har med varmen.\u00a0 Den dejlige pels, som beskytter dem mod kolde n\u00e6tter i deres naturlige omgivelser, fungerer isolerende og mindsker muligheden for at afgive varme. Pels, fjer og sp\u00e6k fungerer som isolation hos pattedyr og fugle, og det g\u00f8r det v\u00e6sentligt sv\u00e6rere at afgive varmen. Men hvordan fungerer denne isolering? Pels fanger et lag af luft imellem h\u00e5rstr\u00e5ene, denne luft udskiftes langsomt, hvis den overhovedet udskiftes. Det betyder at varme f\u00f8rst afgives til den luft der er fanget i pelsen, og derefter afgives den den omgivende luft, dette s\u00e6nker hastigheden for afgivelsen af varme betydeligt, hvilket er en fordel i kolde omgivelser. Pattedyr og fugle har dog en anden m\u00e5de at kunne \u00f8ge afgivelsen af varme n\u00e5r det er n\u00f8dvendigt, de har omr\u00e5der hvor blod\u00e5rerne er t\u00e6ttere p\u00e5 hudoverfladen, og hvor mange pattedyr har mindre pels, disse omr\u00e5der kaldes ekstremiteter. Vi mennesker l\u00e6gger mest m\u00e6rke til vores ekstremiteter i vinterens kulde, hvor vi begynder at fryse vores f\u00f8dder, h\u00e6nder, \u00f8rer og n\u00e6se som det f\u00f8rste. Hamsterne har de samme omr\u00e5der, hvor det er lettere at afgive varme. Dette l\u00e6gger til grund for r\u00e5det om at l\u00e6gge k\u00f8lige keramik eller glas ting ind i buret, som kan hj\u00e6lpe med afk\u00f8lingen gennem f\u00f8dderne.<\/p>\n<p>En anden ekstremitet jeg ikke har v\u00e6ret inde p\u00e5 endnu, er hannernes testikler. S\u00e6dproduktion er kostbar, og kan kun foreg\u00e5 optimalt indenfor en meget sn\u00e6ver temperatur forskel. B\u00e5de for h\u00f8j og for lav temperatur kan give problemer, dette kan give s\u00e6d som af en eller flere grunde ikke virker som det skal, og kan lede til \u00e6g der ikke befrugtes, eller genetiske problemer, som kan betyder fosteret g\u00e5r til grunde eller i v\u00e6rste fald f\u00f8des med misdannelser. Derfor er det vigtigt for pattedyr at kunne styre temperaturen i testiklerne, og dette g\u00f8r de ved at skubbe testiklerne l\u00e6ngere v\u00e6k fra kroppen n\u00e5r det er varmt, eller t\u00e6ttere p\u00e5 n\u00e5r det er koldt. N\u00e5r de skubbes ud, vil de ofte se mere r\u00f8de ud, fordi blod\u00e5rerne presses t\u00e6ttere p\u00e5 hudens overflade.<\/p>\n<p>Er man interesseret i dyr fysiologi, kan jeg anbefale Eckerts Animal Physiologi mechanisms and adaptations. Denne l\u00e6gger grunden for det jeg har skrevet her, og den jeg selv har modtaget undervisning ud fra p\u00e5 universitetet.<\/p>\n","protected":false},"excerpt":{"rendered":"<p>De fleste bliver bekymrede for deres hamstere, n\u00e5r sommeren banker p\u00e5 med h\u00f8je temperaturer. Og der er en god grund til at v\u00e6re ekstra opm\u00e6rksom p\u00e5 sin hamster i varmen. Mange l\u00e6gger m\u00e6rke til at deres hamster er mere sl\u00f8v, &hellip; <a href=\"https:\/\/nightangel.dk\/?page_id=1959\">Continue reading <span class=\"meta-nav\">&rarr;<\/span><\/a><\/p>\n","protected":false},"author":1,"featured_media":0,"parent":0,"menu_order":0,"comment_status":"closed","ping_status":"closed","template":"","meta":{"footnotes":""},"class_list":["post-1959","page","type-page","status-publish","hentry"],"_links":{"self":[{"href":"https:\/\/nightangel.dk\/index.php?rest_route=\/wp\/v2\/pages\/1959","targetHints":{"allow":["GET"]}}],"collection":[{"href":"https:\/\/nightangel.dk\/index.php?rest_route=\/wp\/v2\/pages"}],"about":[{"href":"https:\/\/nightangel.dk\/index.php?rest_route=\/wp\/v2\/types\/page"}],"author":[{"embeddable":true,"href":"https:\/\/nightangel.dk\/index.php?rest_route=\/wp\/v2\/users\/1"}],"replies":[{"embeddable":true,"href":"https:\/\/nightangel.dk\/index.php?rest_route=%2Fwp%2Fv2%2Fcomments&post=1959"}],"version-history":[{"count":0,"href":"https:\/\/nightangel.dk\/index.php?rest_route=\/wp\/v2\/pages\/1959\/revisions"}],"wp:attachment":[{"href":"https:\/\/nightangel.dk\/index.php?rest_route=%2Fwp%2Fv2%2Fmedia&parent=1959"}],"curies":[{"name":"wp","href":"https:\/\/api.w.org\/{rel}","templated":true}]}}