{"id":1937,"date":"2018-06-27T20:02:06","date_gmt":"2018-06-27T18:02:06","guid":{"rendered":"http:\/\/nightangel.dk\/?page_id=1937"},"modified":"2018-06-27T20:02:06","modified_gmt":"2018-06-27T18:02:06","slug":"koensbestemmelse","status":"publish","type":"page","link":"https:\/\/nightangel.dk\/?page_id=1937","title":{"rendered":"K\u00f8nsbestemmelse"},"content":{"rendered":"<p>Hvis man ikke er inde i at tjekke k\u00f8nnet p\u00e5 sin hamster kan det v\u00e6re en besv\u00e6rlig opgave.<br \/>\nDet er klart lettere at se det p\u00e5 voksne dyr, men har man f\u00e5et et kuld unger, s\u00e5 er det n\u00f8dvendigt at kunne tjekke k\u00f8nnet senest som 5 uger gamle, og helst allerede ved 4 uger, da nogle arter kan blive k\u00f8nsmodne allerede ved 5-6 ugers alderen.<\/p>\n<p>For at hj\u00e6lpe med k\u00f8nsbestemmelse, har jeg lavet en r\u00e6kke billeder, som viser hvad man skal kigge efter. Det man kigger efter, er afstanden mellem k\u00f8ns\u00e5bningen og anus. Ved hanner vil afstanden v\u00e6re stor, og der vil v\u00e6re h\u00e5r imellem. Hos hunner vil de to \u00e5bninger v\u00e6re t\u00e6t sammen. Da der er en lille forskel p\u00e5 arterne og p\u00e5 voksne og unger har jeg lavet et for voksne og et for unger af hver art.<\/p>\n<p>Jeg er opm\u00e6rksom p\u00e5 der mangler for guldhamster unger og kinesisk hamster unger, og jeg arbejder p\u00e5 at f\u00e5 dem lavet.<\/p>\n<h3><strong>Vinterhvid dv\u00e6rghamster<\/strong><\/h3>\n<h2><img loading=\"lazy\" decoding=\"async\" class=\"alignright size-full wp-image-1941\" src=\"http:\/\/nightangel.dk\/wordpress-4.3\/wordpress\/wp-content\/uploads\/2018\/06\/10572066_1028981343856906_4956255397326709340_o-1.jpg\" alt=\"\" width=\"3359\" height=\"1248\" \/> <img loading=\"lazy\" decoding=\"async\" class=\"alignright size-full wp-image-1938\" src=\"http:\/\/nightangel.dk\/wordpress-4.3\/wordpress\/wp-content\/uploads\/2018\/06\/36335991_1787017661386600_7205288142801207296_o.jpg\" alt=\"\" width=\"3517\" height=\"1192\" \/><\/h2>\n<h2><\/h2>\n<h2><\/h2>\n<h2><\/h2>\n<h2><\/h2>\n<h2><\/h2>\n<h2><\/h2>\n<h2><\/h2>\n<h2><\/h2>\n<h2><\/h2>\n<h3><strong>Campbells dv\u00e6rghamster<\/strong><\/h3>\n<p><img loading=\"lazy\" decoding=\"async\" class=\"alignright size-full wp-image-1945\" src=\"http:\/\/nightangel.dk\/wordpress-4.3\/wordpress\/wp-content\/uploads\/2018\/06\/12909445_1028980837190290_5451892442129353324_o-1.jpg\" alt=\"\" width=\"3517\" height=\"1192\" \/> <img loading=\"lazy\" decoding=\"async\" class=\"alignright size-full wp-image-1944\" src=\"http:\/\/nightangel.dk\/wordpress-4.3\/wordpress\/wp-content\/uploads\/2018\/06\/12095176_1028981143856926_5083077565036472806_o.jpg\" alt=\"\" width=\"3373\" height=\"1242\" \/><\/p>\n<h3><\/h3>\n<h3><\/h3>\n<h3><strong>Roborovski dv\u00e6rghamster<\/strong><\/h3>\n<h2><img loading=\"lazy\" decoding=\"async\" class=\"alignright size-full wp-image-1939\" src=\"http:\/\/nightangel.dk\/wordpress-4.3\/wordpress\/wp-content\/uploads\/2018\/06\/12496100_1028982793856761_5993702291289227650_o.jpg\" alt=\"\" width=\"3275\" height=\"1280\" \/><\/h2>\n<h2><img loading=\"lazy\" decoding=\"async\" class=\"alignright size-full wp-image-1940\" src=\"http:\/\/nightangel.dk\/wordpress-4.3\/wordpress\/wp-content\/uploads\/2018\/06\/12719588_1028982783856762_8429548693308021243_o.jpg\" alt=\"\" width=\"3275\" height=\"1280\" \/><\/h2>\n<h3><\/h3>\n<h3><\/h3>\n<h3><strong>Kinesisk hamster<\/strong><\/h3>\n<h2><img loading=\"lazy\" decoding=\"async\" class=\"alignright size-full wp-image-1942\" src=\"http:\/\/nightangel.dk\/wordpress-4.3\/wordpress\/wp-content\/uploads\/2018\/06\/12888512_1028980760523631_2751882179713939543_o.jpg\" alt=\"\" width=\"3154\" height=\"1329\" \/><\/h2>\n<h2><\/h2>\n<h2><\/h2>\n<h3><strong>Guldhamster<\/strong><\/h3>\n<p><img loading=\"lazy\" decoding=\"async\" class=\"alignright size-full wp-image-1943\" src=\"http:\/\/nightangel.dk\/wordpress-4.3\/wordpress\/wp-content\/uploads\/2018\/06\/11147153_1028981140523593_3607503543510228321_o.jpg\" alt=\"\" width=\"3333\" height=\"1257\" \/><\/p>\n<p>&nbsp;<\/p>\n<p>&nbsp;<\/p>\n<p>&nbsp;<\/p>\n<p>&nbsp;<\/p>\n<p>&nbsp;<\/p>\n","protected":false},"excerpt":{"rendered":"<p>Hvis man ikke er inde i at tjekke k\u00f8nnet p\u00e5 sin hamster kan det v\u00e6re en besv\u00e6rlig opgave. Det er klart lettere at se det p\u00e5 voksne dyr, men har man f\u00e5et et kuld unger, s\u00e5 er det n\u00f8dvendigt at &hellip; <a href=\"https:\/\/nightangel.dk\/?page_id=1937\">Continue reading <span class=\"meta-nav\">&rarr;<\/span><\/a><\/p>\n","protected":false},"author":1,"featured_media":0,"parent":0,"menu_order":0,"comment_status":"closed","ping_status":"closed","template":"","meta":{"footnotes":""},"class_list":["post-1937","page","type-page","status-publish","hentry"],"_links":{"self":[{"href":"https:\/\/nightangel.dk\/index.php?rest_route=\/wp\/v2\/pages\/1937","targetHints":{"allow":["GET"]}}],"collection":[{"href":"https:\/\/nightangel.dk\/index.php?rest_route=\/wp\/v2\/pages"}],"about":[{"href":"https:\/\/nightangel.dk\/index.php?rest_route=\/wp\/v2\/types\/page"}],"author":[{"embeddable":true,"href":"https:\/\/nightangel.dk\/index.php?rest_route=\/wp\/v2\/users\/1"}],"replies":[{"embeddable":true,"href":"https:\/\/nightangel.dk\/index.php?rest_route=%2Fwp%2Fv2%2Fcomments&post=1937"}],"version-history":[{"count":0,"href":"https:\/\/nightangel.dk\/index.php?rest_route=\/wp\/v2\/pages\/1937\/revisions"}],"wp:attachment":[{"href":"https:\/\/nightangel.dk\/index.php?rest_route=%2Fwp%2Fv2%2Fmedia&parent=1937"}],"curies":[{"name":"wp","href":"https:\/\/api.w.org\/{rel}","templated":true}]}}