{"id":191,"date":"2015-08-23T14:19:24","date_gmt":"2015-08-23T14:19:24","guid":{"rendered":"http:\/\/nightangel.dk\/wordpress-4.3\/wordpress\/?page_id=191"},"modified":"2015-08-23T14:19:24","modified_gmt":"2015-08-23T14:19:24","slug":"de-foerste-dage","status":"publish","type":"page","link":"https:\/\/nightangel.dk\/?page_id=191","title":{"rendered":"De f\u00f8rste dage"},"content":{"rendered":"<p>N\u00e5r man f\u00e5r en lille ny hamster med hjem, er der nogle ting man skal t\u00e6nke over. Hamsteren er lige flyttet fra et sted med lugte og lyde som den kendte til et sted, hvor alt er nyt og anerledes. F\u00e5r man en unge med hjem, er den h\u00f8jest sandsynligt lige blevet flyttet fra sine s\u00f8skende og m\u00e5ske endda dens mor, det er en stor omv\u00e6ltning for en lille hamster. Derfor er det vigtigt at man giver hamsteren tid til at falde til ro og finde sig til rette. Hvor lang tid det tager for hamsteren at finde sig til rette i sit nye hjem, er forskelligt fra hamster til hamster, generelt anbefales det at den f\u00e5r ro til at falde til i det f\u00f8rste d\u00f8gn eller to.<\/p>\n<p>N\u00e5r hamsteren er faldet til i det nye bur, kan man begynde at snakke med den, det er dog ogs\u00e5 her vigtigt at g\u00e5 stille og roligt frem, hamsteren har kun lige m\u00f8dt dig, og da du m\u00f8dte hamsteren hos opdr\u00e6tteren var den blandt lugte og indtryk den var vant til, den kan derfor godt v\u00e6re mere urolig n\u00e5r man har f\u00e5et den hjem. Du er ogs\u00e5 ny for hamsteren, ligesom den er for dig, og i skal lige l\u00e6re hinanden at kende. Start med at tilbyde din h\u00e5nd til den at unders\u00f8ge, er du bange for at blive bidt, s\u00e5 knyt h\u00e5nden og s\u00e6t h\u00e5ndryggen mod hamsteren, dette g\u00f8r at hvis den skulle finde p\u00e5 at bide, s\u00e5 kan den ikke f\u00e5 s\u00e6rlig godt fat.<\/p>\n<p>Det er vigtigt at man tager det i hamsterens tempo, m\u00e6rk p\u00e5 dens reaktioner om den er klar til n\u00e6ste trin. Hamstere fra opdr\u00e6ttere er oftest vant til mennesker og til h\u00e5ndtering, og det kan derfor g\u00e5 hurtigt med tilv\u00e6nningen, men har man anskaffet sig en hamster fra nogen, som ikke h\u00e5ndtere ungerne s\u00e5 meget, eller fra en dyrehandel, kan tilv\u00e6nningen tage et godt stykke tid.<\/p>\n<p>En god ting er at finde ud af hvilke godbider hamsteren kan lide, de fleste hamstere er vilde med solsikkefr\u00f8 og t\u00f8rrede melorme, sp\u00f8rg evt. opdr\u00e6tteren om der er en godbid din hamster har v\u00e6ret helt vild med gennem opv\u00e6ksten. Godbider kan nemlig bruges som et springbr\u00e6t, hvis hamsteren begynder at v\u00e6nne sig til at man har en godbid, l\u00e6rer den at forbinde en med noget godt. Lad dog v\u00e6r med at give godbider gennem tremmerne p\u00e5 buret til en start, dette kan g\u00f8res senere, men man \u00f8nsker ikke at hamsteren anser alt der kommer mellem tremmerne som v\u00e6rende godbider, da dette kan f\u00f8re til at hamsteren bider i en finger der kommer gennem tremmerne, uden det er af anden grund end den troede det var en godbid. Husk hamsteren forbinder din lugt med godbider, og ikke n\u00f8dvendigvis lugten fra selve godbiderne.<\/p>\n","protected":false},"excerpt":{"rendered":"<p>N\u00e5r man f\u00e5r en lille ny hamster med hjem, er der nogle ting man skal t\u00e6nke over. Hamsteren er lige flyttet fra et sted med lugte og lyde som den kendte til et sted, hvor alt er nyt og anerledes. &hellip; <a href=\"https:\/\/nightangel.dk\/?page_id=191\">Continue reading <span class=\"meta-nav\">&rarr;<\/span><\/a><\/p>\n","protected":false},"author":1,"featured_media":0,"parent":0,"menu_order":0,"comment_status":"closed","ping_status":"closed","template":"","meta":{"footnotes":""},"class_list":["post-191","page","type-page","status-publish","hentry"],"_links":{"self":[{"href":"https:\/\/nightangel.dk\/index.php?rest_route=\/wp\/v2\/pages\/191","targetHints":{"allow":["GET"]}}],"collection":[{"href":"https:\/\/nightangel.dk\/index.php?rest_route=\/wp\/v2\/pages"}],"about":[{"href":"https:\/\/nightangel.dk\/index.php?rest_route=\/wp\/v2\/types\/page"}],"author":[{"embeddable":true,"href":"https:\/\/nightangel.dk\/index.php?rest_route=\/wp\/v2\/users\/1"}],"replies":[{"embeddable":true,"href":"https:\/\/nightangel.dk\/index.php?rest_route=%2Fwp%2Fv2%2Fcomments&post=191"}],"version-history":[{"count":0,"href":"https:\/\/nightangel.dk\/index.php?rest_route=\/wp\/v2\/pages\/191\/revisions"}],"wp:attachment":[{"href":"https:\/\/nightangel.dk\/index.php?rest_route=%2Fwp%2Fv2%2Fmedia&parent=191"}],"curies":[{"name":"wp","href":"https:\/\/api.w.org\/{rel}","templated":true}]}}