{"id":1894,"date":"2016-02-23T20:11:34","date_gmt":"2016-02-23T19:11:34","guid":{"rendered":"http:\/\/nightangel.dk\/?page_id=1894"},"modified":"2016-02-23T20:11:34","modified_gmt":"2016-02-23T19:11:34","slug":"redemateriale","status":"publish","type":"page","link":"https:\/\/nightangel.dk\/?page_id=1894","title":{"rendered":"Redemateriale"},"content":{"rendered":"<p>Redemateriale er et utroligt vigtigt emne at t\u00e6nke over f\u00f8r man tager ud og k\u00f8ber tilbeh\u00f8r til en hamster. Dyrehandlerene vil utroligt gerne s\u00e6lge hamstervat og h\u00f8 til redemateriale, men begge disse ting kan skade hamsteren, hamstervat kan afsk\u00e6re blodoml\u00f8bet i lemmerne hvis det vikles om dem, da hamsteren ikke selv kan bide eller hive det over, og h\u00f8 kan lave s\u00e5r i kindposerne, og da hamstere ikke har et ern\u00e6ringsm\u00e6ssigt behov for h\u00f8, anbefales det ikke at bruge h\u00f8.<\/p>\n<p><strong>Hempfibre\/kokostr\u00e6vler<\/strong><\/p>\n<p>Denne type redemateriale har jeg ikke selv pr\u00f8vet. Det best\u00e5r af naturlige fibre som giver et godt og naturligt udseende alternativ.<\/p>\n<p><strong>Toiletpapir og lignende papir produkter<\/strong><\/p>\n<p>Toiletpapir er et godt alternativ som redemateriale, og et mange hamsterejere bruger. Det skal v\u00e6re uparfumeret og uden farvestoffer. Det er vigtigt ikke at bruge k\u00f8kkenrulle, da det ikke er lavet til at g\u00e5 i opl\u00f8sning, n\u00e5r det kommer i kontakt med v\u00e6ske.<\/p>\n<p>Der er lignende alternativer, som kan k\u00f8bes hos nogle f\u00e5 dyrehandlere.<\/p>\n<p><strong>Crinckles<\/strong><\/p>\n<p>Crinckles er et papirprodukt, som best\u00e5r af foldede papirstrimler, som kan v\u00e6re i forskellige farver. Ofte kan man finde poser med mange forskellige farver i, s\u00e5 det giver et farverigt look.<\/p>\n<p>&nbsp;<\/p>\n","protected":false},"excerpt":{"rendered":"<p>Redemateriale er et utroligt vigtigt emne at t\u00e6nke over f\u00f8r man tager ud og k\u00f8ber tilbeh\u00f8r til en hamster. Dyrehandlerene vil utroligt gerne s\u00e6lge hamstervat og h\u00f8 til redemateriale, men begge disse ting kan skade hamsteren, hamstervat kan afsk\u00e6re blodoml\u00f8bet &hellip; <a href=\"https:\/\/nightangel.dk\/?page_id=1894\">Continue reading <span class=\"meta-nav\">&rarr;<\/span><\/a><\/p>\n","protected":false},"author":1,"featured_media":0,"parent":0,"menu_order":0,"comment_status":"closed","ping_status":"closed","template":"","meta":{"footnotes":""},"class_list":["post-1894","page","type-page","status-publish","hentry"],"_links":{"self":[{"href":"https:\/\/nightangel.dk\/index.php?rest_route=\/wp\/v2\/pages\/1894","targetHints":{"allow":["GET"]}}],"collection":[{"href":"https:\/\/nightangel.dk\/index.php?rest_route=\/wp\/v2\/pages"}],"about":[{"href":"https:\/\/nightangel.dk\/index.php?rest_route=\/wp\/v2\/types\/page"}],"author":[{"embeddable":true,"href":"https:\/\/nightangel.dk\/index.php?rest_route=\/wp\/v2\/users\/1"}],"replies":[{"embeddable":true,"href":"https:\/\/nightangel.dk\/index.php?rest_route=%2Fwp%2Fv2%2Fcomments&post=1894"}],"version-history":[{"count":0,"href":"https:\/\/nightangel.dk\/index.php?rest_route=\/wp\/v2\/pages\/1894\/revisions"}],"wp:attachment":[{"href":"https:\/\/nightangel.dk\/index.php?rest_route=%2Fwp%2Fv2%2Fmedia&parent=1894"}],"curies":[{"name":"wp","href":"https:\/\/api.w.org\/{rel}","templated":true}]}}