{"id":187,"date":"2015-08-23T14:18:58","date_gmt":"2015-08-23T14:18:58","guid":{"rendered":"http:\/\/nightangel.dk\/wordpress-4.3\/wordpress\/?page_id=187"},"modified":"2015-08-23T14:18:58","modified_gmt":"2015-08-23T14:18:58","slug":"buret","status":"publish","type":"page","link":"https:\/\/nightangel.dk\/?page_id=187","title":{"rendered":"Buret"},"content":{"rendered":"<p>Det er vigtigt man anskaffer sig et bur i den rigtige st\u00f8rrelse til sin hamster. Hamsteren bruger meget at sin tid i buret, og selvom man tager dem ud i l\u00f8bet af dagen, tilbringer de stadig det meste af deres aktive tid i buret. Har man et for lille bur bliver hamsteren let stresset og vil gerne ud.<\/p>\n<h2>Burst\u00f8rrelse<\/h2>\n<p>Et guldhamsterbur skal v\u00e6re minimum 80x40x35 cm, dette er et absolut minimum. Minimum st\u00f8rrelsen til en dv\u00e6rghamster er 55x40x25 cm, Aller helst ser jeg at de f\u00e5r bure p\u00e5 minimum 70&#215;40 cm i ubrudt bundareal. Det er vigtigt at v\u00e6re opm\u00e6rksom p\u00e5 at tremmebure sj\u00e6ldent egner sig til kinesisk hamster og roborovski dv\u00e6rghamstere. Roborovski dv\u00e6rghamstere skal have en tremmeafstand p\u00e5 maksimum 0,7 cm for at de ikke kan komme ud mellem tremmerne.<br \/>Jeg anbefaler ogs\u00e5 at man ikke k\u00f8ber et bur som er for h\u00f8jt, hamstere kan godt finde p\u00e5 at klatre i tremmer, men de er ikke s\u00e6rligt gode til det, s\u00e5 der er en risiko for at de kan falde ned og komme til skade. Tremmeklatring kan v\u00e6re tegn p\u00e5 en stresset hamster, der kan skyldes buret er for lille.<br \/>husk at medf\u00f8lgende hjul til burene oftest er for sm\u00e5 og skal skiftes ud, dv\u00e6rghamstere skal have hjul p\u00e5 minimum 20 cm i diameter, og guldhamstere skal have hjul p\u00e5 minimum 28 cm i diameter.<\/p>\n<p>&nbsp;<\/p>\n<hr \/>\n<p class=\"wp-block-gallery-1 is-layout-flex wp-block-gallery-is-layout-flex\">&nbsp;<\/p>\n","protected":false},"excerpt":{"rendered":"<p>Det er vigtigt man anskaffer sig et bur i den rigtige st\u00f8rrelse til sin hamster. Hamsteren bruger meget at sin tid i buret, og selvom man tager dem ud i l\u00f8bet af dagen, tilbringer de stadig det meste af deres &hellip; <a href=\"https:\/\/nightangel.dk\/?page_id=187\">Continue reading <span class=\"meta-nav\">&rarr;<\/span><\/a><\/p>\n","protected":false},"author":1,"featured_media":0,"parent":0,"menu_order":0,"comment_status":"closed","ping_status":"closed","template":"","meta":{"footnotes":""},"class_list":["post-187","page","type-page","status-publish","hentry"],"_links":{"self":[{"href":"https:\/\/nightangel.dk\/index.php?rest_route=\/wp\/v2\/pages\/187","targetHints":{"allow":["GET"]}}],"collection":[{"href":"https:\/\/nightangel.dk\/index.php?rest_route=\/wp\/v2\/pages"}],"about":[{"href":"https:\/\/nightangel.dk\/index.php?rest_route=\/wp\/v2\/types\/page"}],"author":[{"embeddable":true,"href":"https:\/\/nightangel.dk\/index.php?rest_route=\/wp\/v2\/users\/1"}],"replies":[{"embeddable":true,"href":"https:\/\/nightangel.dk\/index.php?rest_route=%2Fwp%2Fv2%2Fcomments&post=187"}],"version-history":[{"count":0,"href":"https:\/\/nightangel.dk\/index.php?rest_route=\/wp\/v2\/pages\/187\/revisions"}],"wp:attachment":[{"href":"https:\/\/nightangel.dk\/index.php?rest_route=%2Fwp%2Fv2%2Fmedia&parent=187"}],"curies":[{"name":"wp","href":"https:\/\/api.w.org\/{rel}","templated":true}]}}