{"id":185,"date":"2015-08-23T14:18:49","date_gmt":"2015-08-23T14:18:49","guid":{"rendered":"http:\/\/nightangel.dk\/wordpress-4.3\/wordpress\/?page_id=185"},"modified":"2015-08-23T14:18:49","modified_gmt":"2015-08-23T14:18:49","slug":"godbider","status":"publish","type":"page","link":"https:\/\/nightangel.dk\/?page_id=185","title":{"rendered":"Godbider"},"content":{"rendered":"<p>[lgc_column grid=&#8221;30&#8243; tablet_grid=&#8221;25&#8243; mobile_grid=&#8221;110&#8243; last=&#8221;false&#8221;]<\/p>\n<h3>Frugt &#8211; ogs\u00e5 t\u00f8rrede:<\/h3>\n<ul>\n<li>\u00c6bler<\/li>\n<li>P\u00e6rer<\/li>\n<li>Banan<\/li>\n<li>Melon<\/li>\n<li>Vindruer<\/li>\n<\/ul>\n<p>&nbsp;<\/p>\n<h3>B\u00e6r:<\/h3>\n<ul>\n<li>Bl\u00e5b\u00e6r<\/li>\n<li>Jordb\u00e6r<\/li>\n<li>Hindb\u00e6r<\/li>\n<li>Tytteb\u00e6r<\/li>\n<\/ul>\n<p>&nbsp;<\/p>\n<h3>N\u00f8dder &#8211; aldrig saltede:<\/h3>\n<ul>\n<li>Jordn\u00f8dder<\/li>\n<li>S\u00f8de mandler<\/li>\n<li>Hasseln\u00f8dder<\/li>\n<li>Vandkastanje<\/li>\n<li>Cashewn\u00f8dder<\/li>\n<li>Paran\u00f8dder<\/li>\n<li>Pecann\u00f8dder<\/li>\n<li>Pistacien\u00f8dder<\/li>\n<li>Valn\u00f8dder<\/li>\n<\/ul>\n<p>&nbsp;<\/p>\n<h3>Fr\u00f8:<\/h3>\n<ul>\n<li>Agern<\/li>\n<li>Lucerne<\/li>\n<li>Boghvede<\/li>\n<li>H\u00f8rfr\u00f8<\/li>\n<li>Gr\u00e6skarfr\u00f8<\/li>\n<li>Sesamfr\u00f8<\/li>\n<li>Solsikkefr\u00f8<\/li>\n<li>Havre og havregryn<\/li>\n<li>Hirse<\/li>\n<li>Rug<\/li>\n<li>Spelt<\/li>\n<li>Ris<\/li>\n<\/ul>\n<p>[\/lgc_column]<\/p>\n<p>[lgc_column grid=&#8221;30&#8243; tablet_grid=&#8221;25&#8243; mobile_grid=&#8221;110&#8243; last=&#8221;false&#8221;]<\/p>\n<h3>Gr\u00f8ntsager:<\/h3>\n<ul>\n<li>Guler\u00f8dder<\/li>\n<li>Agurk<\/li>\n<li>Broccoli<\/li>\n<li>Asparges<\/li>\n<li>B\u00f8nnespirer<\/li>\n<li>Radiser<\/li>\n<li>\u00c6rter<\/li>\n<li>Majs<\/li>\n<li>Squash<\/li>\n<li>Selleri<\/li>\n<li>Rucola<\/li>\n<li>Spinat<\/li>\n<li>Hjertesalat<\/li>\n<li>Pastinak<\/li>\n<li>Bok Choy<\/li>\n<li>Julesalat<\/li>\n<li>Gr\u00f8nne b\u00f8nner<\/li>\n<li>S\u00f8de kartofler<\/li>\n<\/ul>\n<p>&nbsp;<\/p>\n<h3>K\u00e5l:<\/h3>\n<ul>\n<li>Rosenk\u00e5l<\/li>\n<li>Gr\u00f8nk\u00e5l<\/li>\n<li>Blomk\u00e5l<\/li>\n<\/ul>\n<p>&nbsp;<\/p>\n<h3>Svampe:<\/h3>\n<ul>\n<li>Champignon<\/li>\n<\/ul>\n<p>&nbsp;<\/p>\n<h3>Andet godt:<\/h3>\n<ul>\n<li>Babymos<\/li>\n<li>Havregr\u00f8d &#8211; lavet p\u00e5 vand og uden salt<\/li>\n<li>Pasta &#8211; b\u00e5de r\u00e5 og kogt uden salt<\/li>\n<\/ul>\n<p>[\/lgc_column]<\/p>\n<p>[lgc_column grid=&#8221;30&#8243; tablet_grid=&#8221;25&#8243; mobile_grid=&#8221;110&#8243; last=&#8221;false&#8221;]<\/p>\n<h3>Urter:<\/h3>\n<ul>\n<li>Br\u00f8ndkarse<\/li>\n<li>Basilikum<\/li>\n<li>Persiller<\/li>\n<li>Mynte<\/li>\n<li>Karse<\/li>\n<li>Salvie<\/li>\n<li>Dild<\/li>\n<li>Lavendel<\/li>\n<li>Pebermynte<\/li>\n<li>Koriander<\/li>\n<li>Citronmelisse<\/li>\n<li>Estragon<\/li>\n<li>Oregano<\/li>\n<li>Merian<\/li>\n<li>Timian<\/li>\n<li>Portulak<\/li>\n<\/ul>\n<p>&nbsp;<\/p>\n<h3>K\u00f8d &#8211; kogt uden krydderier:<\/h3>\n<ul>\n<li>Kylling<\/li>\n<li>Kalkun<\/li>\n<li>Oksek\u00f8d &#8211; kan gives r\u00e5t<\/li>\n<li>Svinek\u00f8d<\/li>\n<li>Fisk<\/li>\n<\/ul>\n<p>&nbsp;<\/p>\n<h3>Andet proteinrigt:<\/h3>\n<ul>\n<li>F\u00e5rekyllinger &#8211; t\u00f8rret og r\u00e5\/levende<\/li>\n<li>Gr\u00e6shopper &#8211; t\u00f8rret og r\u00e5\/levende<\/li>\n<li>Melorme &#8211; t\u00f8rret og r\u00e5\/levende<\/li>\n<li>\u00c6g<\/li>\n<li>Linser<\/li>\n<li>Tofu<\/li>\n<li>Hundekiks<\/li>\n<li>Katte t\u00f8r- og v\u00e5dfoder<\/li>\n<li>T\u00f8rret k\u00f8d til hunde og katte<\/li>\n<\/ul>\n<p>[\/lgc_column]<\/p>\n<p>&nbsp;<\/p>\n<p>&nbsp;<\/p>\n<h3>Hamstere m\u00e5 ikke f\u00e5:<\/h3>\n<ul>\n<li>Tomater &#8211; indeholder h\u00f8je m\u00e6ngder solanin<\/li>\n<li>Purl\u00f8g &#8211; indeholder thiosulfater og disulfater som \u00f8del\u00e6gger h\u00e6moglobin<\/li>\n<li>L\u00f8g &#8211; indeholder thiosulfater og disulfater som \u00f8del\u00e6gger h\u00e6moglobin<\/li>\n<li>Hvidl\u00f8g &#8211; indeholder thiosulfater og disulfater som \u00f8del\u00e6gger h\u00e6moglobin<\/li>\n<li>For\u00e5rsl\u00f8g &#8211; indeholder thiosulfater og disulfater som \u00f8del\u00e6gger h\u00e6moglobin<\/li>\n<li>Porrer &#8211; indeholder thiosulfater og disulfater som \u00f8del\u00e6gger h\u00e6moglobin<\/li>\n<li>Menneskeslik &#8211; chokolade, slik og chips<\/li>\n<li>Bitre mandler &#8211; indeholder et kemisk forstadie til bl\u00e5syre<\/li>\n<li>Stenfrugter &#8211; blommer abrikos o.l. &#8211; indeholder et kemisk forstadie til bl\u00e5syre<\/li>\n<li>Avokado &#8211; inderholder et sukkerstof, som er giftigt for mange dyr<\/li>\n<li>Citrusfrugter &#8211; citron- appelsin o.l -h\u00f8jt indhold af syre<\/li>\n<li>Aubergine &#8211; indeholder h\u00f8je m\u00e6ngder solanin<\/li>\n<li>Kartofler &#8211; b\u00e5de r\u00e5 og kogte- indeholder h\u00f8je m\u00e6ngder solanin<\/li>\n<li>Raberberstilke plus blade &#8211; indeholder h\u00f8je m\u00e6ngder oxalsyre<\/li>\n<li>Krydret mad &#8211; g\u00e6lder ogs\u00e5 salt<\/li>\n<li>Giftige svampe<\/li>\n<\/ul>\n","protected":false},"excerpt":{"rendered":"<p>[lgc_column grid=&#8221;30&#8243; tablet_grid=&#8221;25&#8243; mobile_grid=&#8221;110&#8243; last=&#8221;false&#8221;] Frugt &#8211; ogs\u00e5 t\u00f8rrede: \u00c6bler P\u00e6rer Banan Melon Vindruer &nbsp; B\u00e6r: Bl\u00e5b\u00e6r Jordb\u00e6r Hindb\u00e6r Tytteb\u00e6r &nbsp; N\u00f8dder &#8211; aldrig saltede: Jordn\u00f8dder S\u00f8de mandler Hasseln\u00f8dder Vandkastanje Cashewn\u00f8dder Paran\u00f8dder Pecann\u00f8dder Pistacien\u00f8dder Valn\u00f8dder &nbsp; Fr\u00f8: Agern Lucerne Boghvede &hellip; <a href=\"https:\/\/nightangel.dk\/?page_id=185\">Continue reading <span class=\"meta-nav\">&rarr;<\/span><\/a><\/p>\n","protected":false},"author":1,"featured_media":0,"parent":0,"menu_order":0,"comment_status":"closed","ping_status":"closed","template":"","meta":{"footnotes":""},"class_list":["post-185","page","type-page","status-publish","hentry"],"_links":{"self":[{"href":"https:\/\/nightangel.dk\/index.php?rest_route=\/wp\/v2\/pages\/185","targetHints":{"allow":["GET"]}}],"collection":[{"href":"https:\/\/nightangel.dk\/index.php?rest_route=\/wp\/v2\/pages"}],"about":[{"href":"https:\/\/nightangel.dk\/index.php?rest_route=\/wp\/v2\/types\/page"}],"author":[{"embeddable":true,"href":"https:\/\/nightangel.dk\/index.php?rest_route=\/wp\/v2\/users\/1"}],"replies":[{"embeddable":true,"href":"https:\/\/nightangel.dk\/index.php?rest_route=%2Fwp%2Fv2%2Fcomments&post=185"}],"version-history":[{"count":0,"href":"https:\/\/nightangel.dk\/index.php?rest_route=\/wp\/v2\/pages\/185\/revisions"}],"wp:attachment":[{"href":"https:\/\/nightangel.dk\/index.php?rest_route=%2Fwp%2Fv2%2Fmedia&parent=185"}],"curies":[{"name":"wp","href":"https:\/\/api.w.org\/{rel}","templated":true}]}}